{"id":1500,"date":"2024-06-08T14:44:19","date_gmt":"2024-06-08T14:44:19","guid":{"rendered":"https:\/\/armoiremr.ca\/carrieres\/"},"modified":"2025-10-30T12:18:50","modified_gmt":"2025-10-30T12:18:50","slug":"carrieres","status":"publish","type":"page","link":"https:\/\/armoiremr.ca\/fr\/carrieres\/","title":{"rendered":"CARRI\u00c8RES"},"content":{"rendered":"\t\t<div data-elementor-type=\"wp-page\" data-elementor-id=\"1500\" class=\"elementor elementor-1500 elementor-65\">\n\t\t\t\t<div class=\"elementor-element elementor-element-3c280f4 e-con-full e-flex e-con e-parent\" data-id=\"3c280f4\" data-element_type=\"container\" data-e-type=\"container\" data-settings=\"{&quot;background_background&quot;:&quot;classic&quot;}\">\n\t\t\t\t<div class=\"elementor-element elementor-element-1b668ff elementor-widget elementor-widget-heading\" data-id=\"1b668ff\" data-element_type=\"widget\" data-e-type=\"widget\" data-widget_type=\"heading.default\">\n\t\t\t\t<div class=\"elementor-widget-container\">\n\t\t\t\t\t<h1 class=\"elementor-heading-title elementor-size-default\">CARRI\u00c8RES<\/h1>\t\t\t\t<\/div>\n\t\t\t\t<\/div>\n\t\t\t\t<div class=\"elementor-element elementor-element-420558e elementor-widget elementor-widget-text-editor\" data-id=\"420558e\" data-element_type=\"widget\" data-e-type=\"widget\" data-widget_type=\"text-editor.default\">\n\t\t\t\t<div class=\"elementor-widget-container\">\n\t\t\t\t\t\t\t\t\t<p>et opportunit\u00e9s d&#8217;emploi<\/p>\t\t\t\t\t\t\t\t<\/div>\n\t\t\t\t<\/div>\n\t\t\t\t<\/div>\n\t\t<div class=\"elementor-element elementor-element-dcfc79f e-flex e-con-boxed e-con e-parent\" data-id=\"dcfc79f\" data-element_type=\"container\" data-e-type=\"container\">\n\t\t\t\t\t<div class=\"e-con-inner\">\n\t\t<div class=\"elementor-element elementor-element-20ea0a8 e-con-full e-flex e-con e-child\" data-id=\"20ea0a8\" data-element_type=\"container\" data-e-type=\"container\">\n\t\t\t\t<div class=\"elementor-element elementor-element-ac9cf5d elementor-widget elementor-widget-text-editor\" data-id=\"ac9cf5d\" data-element_type=\"widget\" data-e-type=\"widget\" data-widget_type=\"text-editor.default\">\n\t\t\t\t<div class=\"elementor-widget-container\">\n\t\t\t\t\t\t\t\t\t<p>Envoyez-Nous Votre Candidature<\/p>\t\t\t\t\t\t\t\t<\/div>\n\t\t\t\t<\/div>\n\t\t\t\t<div class=\"elementor-element elementor-element-7b593d2 elementor-widget elementor-widget-text-editor\" data-id=\"7b593d2\" data-element_type=\"widget\" data-e-type=\"widget\" data-widget_type=\"text-editor.default\">\n\t\t\t\t<div class=\"elementor-widget-container\">\n\t\t\t\t\t\t\t\t\t<p>Armoire MR a \u00e0 c\u0153ur le d\u00e9veloppement professionnel de son \u00e9quipe et a d\u00e9velopp\u00e9 diff\u00e9rents outils pour faciliter votre apprentissage. Nous avons une pr\u00e9sence continue de coll\u00e8gues poss\u00e9dant de l\u2019exp\u00e9rience, des connaissances et b\u00e9n\u00e9ficierons continuellement de notre encadrement. Nous proposons des formations adapt\u00e9es \u00e0 vos besoins d\u2019apprentissage. Venez travailler dans un environnement convivial et s\u00e9curitaire.<\/p>\t\t\t\t\t\t\t\t<\/div>\n\t\t\t\t<\/div>\n\t\t\t\t<\/div>\n\t\t<div class=\"elementor-element elementor-element-c9f87c6 e-con-full e-flex e-con e-child\" data-id=\"c9f87c6\" data-element_type=\"container\" data-e-type=\"container\">\n\t\t\t\t<div class=\"elementor-element elementor-element-4c3ae81 elementor-widget elementor-widget-wpforms\" data-id=\"4c3ae81\" data-element_type=\"widget\" data-e-type=\"widget\" data-widget_type=\"wpforms.default\">\n\t\t\t\t<div class=\"elementor-widget-container\">\n\t\t\t\t\t<style id=\"wpforms-css-vars-elementor-widget-4c3ae81\">\n\t\t\t\t.elementor-widget-wpforms.elementor-element-4c3ae81 {\n\t\t\t\t--wpforms-field-text-color: #444444;\n--wpforms-label-color: #262626;\n--wpforms-field-border-color: #cccccc;\n--wpforms-field-border-color-spare: #cccccc;\n--wpforms-button-background-color: #dddddd;\n--wpforms-label-sublabel-color: #7f7f7f;\n--wpforms-label-error-color: #ff0000;\n--wpforms-button-border-style: solid;\n--wpforms-button-border-color: #cccccc;\n--wpforms-button-text-color: #666666;\n--wpforms-page-break-color: #dddddd;\n--wpforms-label-size-font-size: 14px;\n--wpforms-label-size-line-height: 17px;\n--wpforms-label-size-sublabel-font-size: 13px;\n--wpforms-label-size-sublabel-line-height: 16px;\n\t\t\t}\n\t\t\t<\/style><div class=\"wpforms-container wpforms-container-full wpforms-render-modern\" id=\"wpforms-361\"><form id=\"wpforms-form-361\" class=\"wpforms-validate wpforms-form wpforms-ajax-form\" data-formid=\"361\" method=\"post\" enctype=\"multipart\/form-data\" action=\"\/fr\/wp-json\/wp\/v2\/pages\/1500\" data-token=\"45e943c5be0484c9f7c9ad0560be3745\" data-token-time=\"1777734755\"><noscript class=\"wpforms-error-noscript\">Veuillez activer JavaScript dans votre navigateur pour remplir ce formulaire.<\/noscript><div id=\"wpforms-error-noscript\" style=\"display: none;\">Veuillez activer JavaScript dans votre navigateur pour remplir ce formulaire.<\/div><div class=\"wpforms-field-container\"><div id=\"wpforms-361-field_3-container\" class=\"wpforms-field wpforms-field-text\" data-field-id=\"3\"><label class=\"wpforms-field-label\" for=\"wpforms-361-field_3\">Name <span class=\"wpforms-required-label\" aria-hidden=\"true\">*<\/span><\/label><input type=\"text\" id=\"wpforms-361-field_3\" class=\"wpforms-field-large wpforms-field-required\" name=\"wpforms[fields][3]\" aria-errormessage=\"wpforms-361-field_3-error\" required><\/div><div id=\"wpforms-361-field_5-container\" class=\"wpforms-field wpforms-field-text\" data-field-id=\"5\"><label class=\"wpforms-field-label\" for=\"wpforms-361-field_5\">Phone number <span class=\"wpforms-required-label\" aria-hidden=\"true\">*<\/span><\/label><input type=\"text\" id=\"wpforms-361-field_5\" class=\"wpforms-field-large wpforms-field-required\" name=\"wpforms[fields][5]\" aria-errormessage=\"wpforms-361-field_5-error\" required><\/div><div id=\"wpforms-361-field_1-container\" class=\"wpforms-field wpforms-field-email\" data-field-id=\"1\"><label class=\"wpforms-field-label\" for=\"wpforms-361-field_1\">Email <span class=\"wpforms-required-label\" aria-hidden=\"true\">*<\/span><\/label><input type=\"email\" id=\"wpforms-361-field_1\" class=\"wpforms-field-large wpforms-field-required\" name=\"wpforms[fields][1]\" spellcheck=\"false\" aria-errormessage=\"wpforms-361-field_1-error\" required><\/div><div id=\"wpforms-361-field_6-container\" class=\"wpforms-field wpforms-field-text\" data-field-id=\"6\"><label class=\"wpforms-field-label\" for=\"wpforms-361-field_6\">Subject <span class=\"wpforms-required-label\" aria-hidden=\"true\">*<\/span><\/label><input type=\"text\" id=\"wpforms-361-field_6\" class=\"wpforms-field-large wpforms-field-required\" name=\"wpforms[fields][6]\" aria-errormessage=\"wpforms-361-field_6-error\" required><\/div><div id=\"wpforms-361-field_2-container\" class=\"wpforms-field wpforms-field-textarea\" data-field-id=\"2\"><label class=\"wpforms-field-label\" for=\"wpforms-361-field_2\">Message <span class=\"wpforms-required-label\" aria-hidden=\"true\">*<\/span><\/label><textarea id=\"wpforms-361-field_2\" class=\"wpforms-field-medium wpforms-field-required\" name=\"wpforms[fields][2]\" aria-errormessage=\"wpforms-361-field_2-error\" required><\/textarea><\/div><\/div><!-- .wpforms-field-container --><div class=\"wpforms-recaptcha-container wpforms-is-recaptcha wpforms-is-recaptcha-type-v3\" ><input type=\"hidden\" name=\"wpforms[recaptcha]\" value=\"\"><\/div><div class=\"wpforms-submit-container\" ><input type=\"hidden\" name=\"wpforms[id]\" value=\"361\"><input type=\"hidden\" name=\"page_title\" value=\"\"><input type=\"hidden\" name=\"page_url\" value=\"https:\/\/armoiremr.ca\/fr\/wp-json\/wp\/v2\/pages\/1500\"><input type=\"hidden\" name=\"url_referer\" value=\"\"><button type=\"submit\" name=\"wpforms[submit]\" id=\"wpforms-submit-361\" class=\"wpforms-submit\" data-alt-text=\"Sending...\" data-submit-text=\"Submit\" aria-live=\"assertive\" value=\"wpforms-submit\">Submit<\/button><img decoding=\"async\" src=\"https:\/\/armoiremr.ca\/wp-content\/plugins\/wpforms-lite\/assets\/images\/submit-spin.svg\" class=\"wpforms-submit-spinner\" style=\"display: none;\" width=\"26\" height=\"26\" alt=\"Chargement en cours\"><\/div><\/form><\/div>  <!-- .wpforms-container -->\t\t\t\t<\/div>\n\t\t\t\t<\/div>\n\t\t\t\t<\/div>\n\t\t\t\t\t<\/div>\n\t\t\t\t<\/div>\n\t\t\t\t<\/div>\n\t\t","protected":false},"excerpt":{"rendered":"<p>CARRI\u00c8RES et opportunit\u00e9s d&#8217;emploi Envoyez-Nous Votre Candidature Armoire MR a \u00e0 c\u0153ur le d\u00e9veloppement professionnel de son \u00e9quipe et a [&hellip;]<\/p>\n","protected":false},"author":3,"featured_media":0,"parent":0,"menu_order":0,"comment_status":"closed","ping_status":"closed","template":"elementor_header_footer","meta":{"_uag_custom_page_level_css":"","site-sidebar-layout":"no-sidebar","site-content-layout":"","ast-site-content-layout":"full-width-container","site-content-style":"default","site-sidebar-style":"default","ast-global-header-display":"","ast-banner-title-visibility":"","ast-main-header-display":"","ast-hfb-above-header-display":"","ast-hfb-below-header-display":"","ast-hfb-mobile-header-display":"","site-post-title":"","ast-breadcrumbs-content":"","ast-featured-img":"disabled","footer-sml-layout":"","ast-disable-related-posts":"","theme-transparent-header-meta":"","adv-header-id-meta":"","stick-header-meta":"","header-above-stick-meta":"","header-main-stick-meta":"","header-below-stick-meta":"","astra-migrate-meta-layouts":"default","ast-page-background-enabled":"default","ast-page-background-meta":{"desktop":{"background-color":"var(--ast-global-color-4)","background-image":"","background-repeat":"repeat","background-position":"center center","background-size":"auto","background-attachment":"scroll","background-type":"","background-media":"","overlay-type":"","overlay-color":"","overlay-opacity":"","overlay-gradient":""},"tablet":{"background-color":"","background-image":"","background-repeat":"repeat","background-position":"center center","background-size":"auto","background-attachment":"scroll","background-type":"","background-media":"","overlay-type":"","overlay-color":"","overlay-opacity":"","overlay-gradient":""},"mobile":{"background-color":"","background-image":"","background-repeat":"repeat","background-position":"center center","background-size":"auto","background-attachment":"scroll","background-type":"","background-media":"","overlay-type":"","overlay-color":"","overlay-opacity":"","overlay-gradient":""}},"ast-content-background-meta":{"desktop":{"background-color":"var(--ast-global-color-5)","background-image":"","background-repeat":"repeat","background-position":"center center","background-size":"auto","background-attachment":"scroll","background-type":"","background-media":"","overlay-type":"","overlay-color":"","overlay-opacity":"","overlay-gradient":""},"tablet":{"background-color":"var(--ast-global-color-5)","background-image":"","background-repeat":"repeat","background-position":"center center","background-size":"auto","background-attachment":"scroll","background-type":"","background-media":"","overlay-type":"","overlay-color":"","overlay-opacity":"","overlay-gradient":""},"mobile":{"background-color":"var(--ast-global-color-5)","background-image":"","background-repeat":"repeat","background-position":"center center","background-size":"auto","background-attachment":"scroll","background-type":"","background-media":"","overlay-type":"","overlay-color":"","overlay-opacity":"","overlay-gradient":""}},"footnotes":""},"class_list":["post-1500","page","type-page","status-publish","hentry"],"yoast_head":"<!-- This site is optimized with the Yoast SEO plugin v27.5 - https:\/\/yoast.com\/product\/yoast-seo-wordpress\/ -->\n<title>Carri\u00e8res chez Armoire MR Fabricant d&#039;Armoires \u00e0 Gatineau<\/title>\n<meta name=\"description\" content=\"D\u00e9couvrez les opportunit\u00e9s de carri\u00e8re chez Armoire MR, o\u00f9 le design rencontre la cr\u00e9ativit\u00e9. Rejoignez notre \u00e9quipe d&#039;experts en armoires de cuisine, vanit\u00e9s et placards sur mesure.\" \/>\n<meta name=\"robots\" content=\"index, follow, max-snippet:-1, max-image-preview:large, max-video-preview:-1\" \/>\n<link rel=\"canonical\" href=\"https:\/\/armoiremr.ca\/careers\/\" \/>\n<meta property=\"og:locale\" content=\"fr_FR\" \/>\n<meta property=\"og:type\" content=\"article\" \/>\n<meta property=\"og:title\" content=\"Carri\u00e8res chez Armoire MR Fabricant d&#039;Armoires \u00e0 Gatineau\" \/>\n<meta property=\"og:description\" content=\"D\u00e9couvrez les opportunit\u00e9s de carri\u00e8re chez Armoire MR, o\u00f9 le design rencontre la cr\u00e9ativit\u00e9. Rejoignez notre \u00e9quipe d&#039;experts en armoires de cuisine, vanit\u00e9s et placards sur mesure.\" \/>\n<meta property=\"og:url\" content=\"https:\/\/armoiremr.ca\/careers\/\" \/>\n<meta property=\"og:site_name\" content=\"Kitchen Cabinets and Vanities\" \/>\n<meta property=\"article:publisher\" content=\"https:\/\/www.facebook.com\/profile.php?id=61564897674514\" \/>\n<meta property=\"article:modified_time\" content=\"2025-10-30T12:18:50+00:00\" \/>\n<meta property=\"og:image\" content=\"https:\/\/armoiremr.ca\/wp-content\/plugins\/wpforms-lite\/assets\/images\/submit-spin.svg\" \/>\n<meta name=\"twitter:card\" content=\"summary_large_image\" \/>\n<meta name=\"twitter:label1\" content=\"Dur\u00e9e de lecture estim\u00e9e\" \/>\n\t<meta name=\"twitter:data1\" content=\"1 minute\" \/>\n<script type=\"application\/ld+json\" class=\"yoast-schema-graph\">{\"@context\":\"https:\\\/\\\/schema.org\",\"@graph\":[{\"@type\":\"WebPage\",\"@id\":\"https:\\\/\\\/armoiremr.ca\\\/careers\\\/\",\"url\":\"https:\\\/\\\/armoiremr.ca\\\/careers\\\/\",\"name\":\"Carri\u00e8res chez Armoire MR Fabricant d'Armoires \u00e0 Gatineau\",\"isPartOf\":{\"@id\":\"https:\\\/\\\/armoiremr.ca\\\/#website\"},\"primaryImageOfPage\":{\"@id\":\"https:\\\/\\\/armoiremr.ca\\\/careers\\\/#primaryimage\"},\"image\":{\"@id\":\"https:\\\/\\\/armoiremr.ca\\\/careers\\\/#primaryimage\"},\"thumbnailUrl\":\"https:\\\/\\\/armoiremr.ca\\\/wp-content\\\/plugins\\\/wpforms-lite\\\/assets\\\/images\\\/submit-spin.svg\",\"datePublished\":\"2024-06-08T14:44:19+00:00\",\"dateModified\":\"2025-10-30T12:18:50+00:00\",\"description\":\"D\u00e9couvrez les opportunit\u00e9s de carri\u00e8re chez Armoire MR, o\u00f9 le design rencontre la cr\u00e9ativit\u00e9. Rejoignez notre \u00e9quipe d'experts en armoires de cuisine, vanit\u00e9s et placards sur mesure.\",\"breadcrumb\":{\"@id\":\"https:\\\/\\\/armoiremr.ca\\\/careers\\\/#breadcrumb\"},\"inLanguage\":\"fr-FR\",\"potentialAction\":[{\"@type\":\"ReadAction\",\"target\":[\"https:\\\/\\\/armoiremr.ca\\\/careers\\\/\"]}]},{\"@type\":\"ImageObject\",\"inLanguage\":\"fr-FR\",\"@id\":\"https:\\\/\\\/armoiremr.ca\\\/careers\\\/#primaryimage\",\"url\":\"https:\\\/\\\/armoiremr.ca\\\/wp-content\\\/plugins\\\/wpforms-lite\\\/assets\\\/images\\\/submit-spin.svg\",\"contentUrl\":\"https:\\\/\\\/armoiremr.ca\\\/wp-content\\\/plugins\\\/wpforms-lite\\\/assets\\\/images\\\/submit-spin.svg\"},{\"@type\":\"BreadcrumbList\",\"@id\":\"https:\\\/\\\/armoiremr.ca\\\/careers\\\/#breadcrumb\",\"itemListElement\":[{\"@type\":\"ListItem\",\"position\":1,\"name\":\"Home\",\"item\":\"https:\\\/\\\/armoiremr.ca\\\/\"},{\"@type\":\"ListItem\",\"position\":2,\"name\":\"CARRI\u00c8RES\"}]},{\"@type\":\"WebSite\",\"@id\":\"https:\\\/\\\/armoiremr.ca\\\/#website\",\"url\":\"https:\\\/\\\/armoiremr.ca\\\/\",\"name\":\"Armoire MR\",\"description\":\"Custom Kitchen Cabinets, vanities and furniture\",\"publisher\":{\"@id\":\"https:\\\/\\\/armoiremr.ca\\\/#organization\"},\"potentialAction\":[{\"@type\":\"SearchAction\",\"target\":{\"@type\":\"EntryPoint\",\"urlTemplate\":\"https:\\\/\\\/armoiremr.ca\\\/?s={search_term_string}\"},\"query-input\":{\"@type\":\"PropertyValueSpecification\",\"valueRequired\":true,\"valueName\":\"search_term_string\"}}],\"inLanguage\":\"fr-FR\"},{\"@type\":\"Organization\",\"@id\":\"https:\\\/\\\/armoiremr.ca\\\/#organization\",\"name\":\"Armoire MR Custom Cabinets & Vanities in Gatineau\",\"alternateName\":\"Armoire MR\",\"url\":\"https:\\\/\\\/armoiremr.ca\\\/\",\"logo\":{\"@type\":\"ImageObject\",\"inLanguage\":\"fr-FR\",\"@id\":\"https:\\\/\\\/armoiremr.ca\\\/#\\\/schema\\\/logo\\\/image\\\/\",\"url\":\"https:\\\/\\\/armoiremr.ca\\\/wp-content\\\/uploads\\\/2024\\\/06\\\/armoire-mr-logo-white-capture-copy.png\",\"contentUrl\":\"https:\\\/\\\/armoiremr.ca\\\/wp-content\\\/uploads\\\/2024\\\/06\\\/armoire-mr-logo-white-capture-copy.png\",\"width\":578,\"height\":97,\"caption\":\"Armoire MR Custom Cabinets & Vanities in Gatineau\"},\"image\":{\"@id\":\"https:\\\/\\\/armoiremr.ca\\\/#\\\/schema\\\/logo\\\/image\\\/\"},\"sameAs\":[\"https:\\\/\\\/www.facebook.com\\\/profile.php?id=61564897674514\"]}]}<\/script>\n<!-- \/ Yoast SEO plugin. -->","yoast_head_json":{"title":"Carri\u00e8res chez Armoire MR Fabricant d'Armoires \u00e0 Gatineau","description":"D\u00e9couvrez les opportunit\u00e9s de carri\u00e8re chez Armoire MR, o\u00f9 le design rencontre la cr\u00e9ativit\u00e9. Rejoignez notre \u00e9quipe d'experts en armoires de cuisine, vanit\u00e9s et placards sur mesure.","robots":{"index":"index","follow":"follow","max-snippet":"max-snippet:-1","max-image-preview":"max-image-preview:large","max-video-preview":"max-video-preview:-1"},"canonical":"https:\/\/armoiremr.ca\/careers\/","og_locale":"fr_FR","og_type":"article","og_title":"Carri\u00e8res chez Armoire MR Fabricant d'Armoires \u00e0 Gatineau","og_description":"D\u00e9couvrez les opportunit\u00e9s de carri\u00e8re chez Armoire MR, o\u00f9 le design rencontre la cr\u00e9ativit\u00e9. Rejoignez notre \u00e9quipe d'experts en armoires de cuisine, vanit\u00e9s et placards sur mesure.","og_url":"https:\/\/armoiremr.ca\/careers\/","og_site_name":"Kitchen Cabinets and Vanities","article_publisher":"https:\/\/www.facebook.com\/profile.php?id=61564897674514","article_modified_time":"2025-10-30T12:18:50+00:00","og_image":[{"url":"https:\/\/armoiremr.ca\/wp-content\/plugins\/wpforms-lite\/assets\/images\/submit-spin.svg","type":"","width":"","height":""}],"twitter_card":"summary_large_image","twitter_misc":{"Dur\u00e9e de lecture estim\u00e9e":"1 minute"},"schema":{"@context":"https:\/\/schema.org","@graph":[{"@type":"WebPage","@id":"https:\/\/armoiremr.ca\/careers\/","url":"https:\/\/armoiremr.ca\/careers\/","name":"Carri\u00e8res chez Armoire MR Fabricant d'Armoires \u00e0 Gatineau","isPartOf":{"@id":"https:\/\/armoiremr.ca\/#website"},"primaryImageOfPage":{"@id":"https:\/\/armoiremr.ca\/careers\/#primaryimage"},"image":{"@id":"https:\/\/armoiremr.ca\/careers\/#primaryimage"},"thumbnailUrl":"https:\/\/armoiremr.ca\/wp-content\/plugins\/wpforms-lite\/assets\/images\/submit-spin.svg","datePublished":"2024-06-08T14:44:19+00:00","dateModified":"2025-10-30T12:18:50+00:00","description":"D\u00e9couvrez les opportunit\u00e9s de carri\u00e8re chez Armoire MR, o\u00f9 le design rencontre la cr\u00e9ativit\u00e9. Rejoignez notre \u00e9quipe d'experts en armoires de cuisine, vanit\u00e9s et placards sur mesure.","breadcrumb":{"@id":"https:\/\/armoiremr.ca\/careers\/#breadcrumb"},"inLanguage":"fr-FR","potentialAction":[{"@type":"ReadAction","target":["https:\/\/armoiremr.ca\/careers\/"]}]},{"@type":"ImageObject","inLanguage":"fr-FR","@id":"https:\/\/armoiremr.ca\/careers\/#primaryimage","url":"https:\/\/armoiremr.ca\/wp-content\/plugins\/wpforms-lite\/assets\/images\/submit-spin.svg","contentUrl":"https:\/\/armoiremr.ca\/wp-content\/plugins\/wpforms-lite\/assets\/images\/submit-spin.svg"},{"@type":"BreadcrumbList","@id":"https:\/\/armoiremr.ca\/careers\/#breadcrumb","itemListElement":[{"@type":"ListItem","position":1,"name":"Home","item":"https:\/\/armoiremr.ca\/"},{"@type":"ListItem","position":2,"name":"CARRI\u00c8RES"}]},{"@type":"WebSite","@id":"https:\/\/armoiremr.ca\/#website","url":"https:\/\/armoiremr.ca\/","name":"Armoire MR","description":"Custom Kitchen Cabinets, vanities and furniture","publisher":{"@id":"https:\/\/armoiremr.ca\/#organization"},"potentialAction":[{"@type":"SearchAction","target":{"@type":"EntryPoint","urlTemplate":"https:\/\/armoiremr.ca\/?s={search_term_string}"},"query-input":{"@type":"PropertyValueSpecification","valueRequired":true,"valueName":"search_term_string"}}],"inLanguage":"fr-FR"},{"@type":"Organization","@id":"https:\/\/armoiremr.ca\/#organization","name":"Armoire MR Custom Cabinets & Vanities in Gatineau","alternateName":"Armoire MR","url":"https:\/\/armoiremr.ca\/","logo":{"@type":"ImageObject","inLanguage":"fr-FR","@id":"https:\/\/armoiremr.ca\/#\/schema\/logo\/image\/","url":"https:\/\/armoiremr.ca\/wp-content\/uploads\/2024\/06\/armoire-mr-logo-white-capture-copy.png","contentUrl":"https:\/\/armoiremr.ca\/wp-content\/uploads\/2024\/06\/armoire-mr-logo-white-capture-copy.png","width":578,"height":97,"caption":"Armoire MR Custom Cabinets & Vanities in Gatineau"},"image":{"@id":"https:\/\/armoiremr.ca\/#\/schema\/logo\/image\/"},"sameAs":["https:\/\/www.facebook.com\/profile.php?id=61564897674514"]}]}},"uagb_featured_image_src":{"full":false,"thumbnail":false,"medium":false,"medium_large":false,"large":false,"1536x1536":false,"2048x2048":false},"uagb_author_info":{"display_name":"Danielle Dumas","author_link":"https:\/\/armoiremr.ca\/fr\/author\/dan_mr\/"},"uagb_comment_info":0,"uagb_excerpt":"CARRI\u00c8RES et opportunit\u00e9s d&#8217;emploi Envoyez-Nous Votre Candidature Armoire MR a \u00e0 c\u0153ur le d\u00e9veloppement professionnel de son \u00e9quipe et a [&hellip;]","_links":{"self":[{"href":"https:\/\/armoiremr.ca\/fr\/wp-json\/wp\/v2\/pages\/1500","targetHints":{"allow":["GET"]}}],"collection":[{"href":"https:\/\/armoiremr.ca\/fr\/wp-json\/wp\/v2\/pages"}],"about":[{"href":"https:\/\/armoiremr.ca\/fr\/wp-json\/wp\/v2\/types\/page"}],"author":[{"embeddable":true,"href":"https:\/\/armoiremr.ca\/fr\/wp-json\/wp\/v2\/users\/3"}],"replies":[{"embeddable":true,"href":"https:\/\/armoiremr.ca\/fr\/wp-json\/wp\/v2\/comments?post=1500"}],"version-history":[{"count":19,"href":"https:\/\/armoiremr.ca\/fr\/wp-json\/wp\/v2\/pages\/1500\/revisions"}],"predecessor-version":[{"id":2955,"href":"https:\/\/armoiremr.ca\/fr\/wp-json\/wp\/v2\/pages\/1500\/revisions\/2955"}],"wp:attachment":[{"href":"https:\/\/armoiremr.ca\/fr\/wp-json\/wp\/v2\/media?parent=1500"}],"curies":[{"name":"wp","href":"https:\/\/api.w.org\/{rel}","templated":true}]}}