{"id":1498,"date":"2024-06-08T14:42:33","date_gmt":"2024-06-08T14:42:33","guid":{"rendered":"https:\/\/armoiremr.ca\/contact\/"},"modified":"2025-12-02T17:56:17","modified_gmt":"2025-12-02T17:56:17","slug":"contact","status":"publish","type":"page","link":"https:\/\/armoiremr.ca\/fr\/contact\/","title":{"rendered":"CONTACTEZ-NOUS"},"content":{"rendered":"\t\t<div data-elementor-type=\"wp-page\" data-elementor-id=\"1498\" class=\"elementor elementor-1498 elementor-61\">\n\t\t\t\t<div class=\"elementor-element elementor-element-3fdd061 e-con-full e-flex e-con e-parent\" data-id=\"3fdd061\" data-element_type=\"container\" data-e-type=\"container\" data-settings=\"{&quot;background_background&quot;:&quot;classic&quot;}\">\n\t\t\t\t<div class=\"elementor-element elementor-element-80a7546 elementor-widget__width-inherit elementor-widget elementor-widget-heading\" data-id=\"80a7546\" data-element_type=\"widget\" data-e-type=\"widget\" data-widget_type=\"heading.default\">\n\t\t\t\t<div class=\"elementor-widget-container\">\n\t\t\t\t\t<h1 class=\"elementor-heading-title elementor-size-default\">CONTACTEZ-NOUS<\/h1>\t\t\t\t<\/div>\n\t\t\t\t<\/div>\n\t\t\t\t<\/div>\n\t\t<div class=\"elementor-element elementor-element-084db59 e-flex e-con-boxed e-con e-parent\" data-id=\"084db59\" data-element_type=\"container\" data-e-type=\"container\">\n\t\t\t\t\t<div class=\"e-con-inner\">\n\t\t<div class=\"elementor-element elementor-element-b8b27f9 e-con-full e-flex e-con e-child\" data-id=\"b8b27f9\" data-element_type=\"container\" data-e-type=\"container\">\n\t\t\t\t<div class=\"elementor-element elementor-element-4e32a36 elementor-widget elementor-widget-heading\" data-id=\"4e32a36\" data-element_type=\"widget\" data-e-type=\"widget\" data-widget_type=\"heading.default\">\n\t\t\t\t<div class=\"elementor-widget-container\">\n\t\t\t\t\t<h2 class=\"elementor-heading-title elementor-size-default\">Travaillez Avec Nous D\u00e8s Aujourd'hui<\/h2>\t\t\t\t<\/div>\n\t\t\t\t<\/div>\n\t\t\t\t<div class=\"elementor-element elementor-element-204cfe0 elementor-widget elementor-widget-text-editor\" data-id=\"204cfe0\" data-element_type=\"widget\" data-e-type=\"widget\" data-widget_type=\"text-editor.default\">\n\t\t\t\t<div class=\"elementor-widget-container\">\n\t\t\t\t\t\t\t\t\t<p>Pour tous vos projets d&rsquo;armoires, d&rsquo;\u00e9tag\u00e8res ou de mobilier, veuillez d\u00e9crire bri\u00e8vement votre projet et nous vous contacterons dans les plus brefs d\u00e9lais pour prendre rendez-vous avec un de nos designers.<\/p>\t\t\t\t\t\t\t\t<\/div>\n\t\t\t\t<\/div>\n\t\t\t\t<div class=\"elementor-element elementor-element-e44d8e4 elementor-widget elementor-widget-google_maps\" data-id=\"e44d8e4\" data-element_type=\"widget\" data-e-type=\"widget\" data-widget_type=\"google_maps.default\">\n\t\t\t\t<div class=\"elementor-widget-container\">\n\t\t\t\t\t\t\t<div class=\"elementor-custom-embed\">\n\t\t\t<iframe loading=\"lazy\"\n\t\t\t\t\tsrc=\"https:\/\/maps.google.com\/maps?q=388%20St-Louis%20Street%2C%20Gatineau%20Quebec%20J8P%208B3&#038;t=m&#038;z=12&#038;output=embed&#038;iwloc=near\"\n\t\t\t\t\ttitle=\"388 St-Louis Street, Gatineau Quebec J8P 8B3\"\n\t\t\t\t\taria-label=\"388 St-Louis Street, Gatineau Quebec J8P 8B3\"\n\t\t\t><\/iframe>\n\t\t<\/div>\n\t\t\t\t\t\t<\/div>\n\t\t\t\t<\/div>\n\t\t\t\t<\/div>\n\t\t<div class=\"elementor-element elementor-element-163d694 e-con-full e-flex e-con e-child\" data-id=\"163d694\" data-element_type=\"container\" data-e-type=\"container\">\n\t\t\t\t<div class=\"elementor-element elementor-element-c4462bf elementor-widget elementor-widget-wpforms\" data-id=\"c4462bf\" data-element_type=\"widget\" data-e-type=\"widget\" data-widget_type=\"wpforms.default\">\n\t\t\t\t<div class=\"elementor-widget-container\">\n\t\t\t\t\t<div class=\"wpforms-container wpforms-container-full wpforms-render-modern\" id=\"wpforms-1604\"><form id=\"wpforms-form-1604\" class=\"wpforms-validate wpforms-form wpforms-ajax-form\" data-formid=\"1604\" method=\"post\" enctype=\"multipart\/form-data\" action=\"\/fr\/wp-json\/wp\/v2\/pages\/1498\" data-token=\"86efd403d37427a565191f4bf0387298\" data-token-time=\"1776395587\"><noscript class=\"wpforms-error-noscript\">Veuillez activer JavaScript dans votre navigateur pour remplir ce formulaire.<\/noscript><div id=\"wpforms-error-noscript\" style=\"display: none;\">Veuillez activer JavaScript dans votre navigateur pour remplir ce formulaire.<\/div><div class=\"wpforms-field-container\"><div id=\"wpforms-1604-field_3-container\" class=\"wpforms-field wpforms-field-text\" data-field-id=\"3\"><label class=\"wpforms-field-label\" for=\"wpforms-1604-field_3\">Nom <span class=\"wpforms-required-label\" aria-hidden=\"true\">*<\/span><\/label><input type=\"text\" id=\"wpforms-1604-field_3\" class=\"wpforms-field-large wpforms-field-required\" name=\"wpforms[fields][3]\" aria-errormessage=\"wpforms-1604-field_3-error\" required><\/div><div id=\"wpforms-1604-field_4-container\" class=\"wpforms-field wpforms-field-text\" data-field-id=\"4\"><label class=\"wpforms-field-label\" for=\"wpforms-1604-field_4\">T\u00e9l\u00e9phone <span class=\"wpforms-required-label\" aria-hidden=\"true\">*<\/span><\/label><input type=\"text\" id=\"wpforms-1604-field_4\" class=\"wpforms-field-large wpforms-field-required\" name=\"wpforms[fields][4]\" aria-errormessage=\"wpforms-1604-field_4-error\" required><\/div><div id=\"wpforms-1604-field_1-container\" class=\"wpforms-field wpforms-field-email\" data-field-id=\"1\"><label class=\"wpforms-field-label\" for=\"wpforms-1604-field_1\">Courriel <span class=\"wpforms-required-label\" aria-hidden=\"true\">*<\/span><\/label><input type=\"email\" id=\"wpforms-1604-field_1\" class=\"wpforms-field-large wpforms-field-required\" name=\"wpforms[fields][1]\" spellcheck=\"false\" aria-errormessage=\"wpforms-1604-field_1-error\" required><\/div><div id=\"wpforms-1604-field_2-container\" class=\"wpforms-field wpforms-field-textarea\" data-field-id=\"2\"><label class=\"wpforms-field-label\" for=\"wpforms-1604-field_2\">Message <span class=\"wpforms-required-label\" aria-hidden=\"true\">*<\/span><\/label><textarea id=\"wpforms-1604-field_2\" class=\"wpforms-field-medium wpforms-field-required\" name=\"wpforms[fields][2]\" aria-errormessage=\"wpforms-1604-field_2-error\" required><\/textarea><\/div><\/div><!-- .wpforms-field-container --><div class=\"wpforms-recaptcha-container wpforms-is-recaptcha wpforms-is-recaptcha-type-v3\" ><input type=\"hidden\" name=\"wpforms[recaptcha]\" value=\"\"><\/div><div class=\"wpforms-submit-container\" ><input type=\"hidden\" name=\"wpforms[id]\" value=\"1604\"><input type=\"hidden\" name=\"page_title\" value=\"\"><input type=\"hidden\" name=\"page_url\" value=\"https:\/\/armoiremr.ca\/fr\/wp-json\/wp\/v2\/pages\/1498\"><input type=\"hidden\" name=\"url_referer\" value=\"\"><button type=\"submit\" name=\"wpforms[submit]\" id=\"wpforms-submit-1604\" class=\"wpforms-submit\" data-alt-text=\"Envoi...\" data-submit-text=\"Soumettre\" aria-live=\"assertive\" value=\"wpforms-submit\">Soumettre<\/button><img decoding=\"async\" src=\"https:\/\/armoiremr.ca\/wp-content\/plugins\/wpforms-lite\/assets\/images\/submit-spin.svg\" class=\"wpforms-submit-spinner\" style=\"display: none;\" width=\"26\" height=\"26\" alt=\"Chargement en cours\"><\/div><\/form><\/div>  <!-- .wpforms-container -->\t\t\t\t<\/div>\n\t\t\t\t<\/div>\n\t\t\t\t<\/div>\n\t\t\t\t\t<\/div>\n\t\t\t\t<\/div>\n\t\t\t\t<\/div>\n\t\t","protected":false},"excerpt":{"rendered":"<p>CONTACTEZ-NOUS Travaillez Avec Nous D\u00e8s Aujourd&rsquo;hui Pour tous vos projets d&rsquo;armoires, d&rsquo;\u00e9tag\u00e8res ou de mobilier, veuillez d\u00e9crire bri\u00e8vement votre projet [&hellip;]<\/p>\n","protected":false},"author":3,"featured_media":0,"parent":0,"menu_order":0,"comment_status":"closed","ping_status":"closed","template":"","meta":{"_uag_custom_page_level_css":"","site-sidebar-layout":"no-sidebar","site-content-layout":"","ast-site-content-layout":"full-width-container","site-content-style":"default","site-sidebar-style":"default","ast-global-header-display":"","ast-banner-title-visibility":"","ast-main-header-display":"","ast-hfb-above-header-display":"","ast-hfb-below-header-display":"","ast-hfb-mobile-header-display":"","site-post-title":"disabled","ast-breadcrumbs-content":"","ast-featured-img":"disabled","footer-sml-layout":"","ast-disable-related-posts":"","theme-transparent-header-meta":"","adv-header-id-meta":"","stick-header-meta":"","header-above-stick-meta":"","header-main-stick-meta":"","header-below-stick-meta":"","astra-migrate-meta-layouts":"default","ast-page-background-enabled":"default","ast-page-background-meta":{"desktop":{"background-color":"var(--ast-global-color-4)","background-image":"","background-repeat":"repeat","background-position":"center center","background-size":"auto","background-attachment":"scroll","background-type":"","background-media":"","overlay-type":"","overlay-color":"","overlay-opacity":"","overlay-gradient":""},"tablet":{"background-color":"","background-image":"","background-repeat":"repeat","background-position":"center center","background-size":"auto","background-attachment":"scroll","background-type":"","background-media":"","overlay-type":"","overlay-color":"","overlay-opacity":"","overlay-gradient":""},"mobile":{"background-color":"","background-image":"","background-repeat":"repeat","background-position":"center center","background-size":"auto","background-attachment":"scroll","background-type":"","background-media":"","overlay-type":"","overlay-color":"","overlay-opacity":"","overlay-gradient":""}},"ast-content-background-meta":{"desktop":{"background-color":"var(--ast-global-color-5)","background-image":"","background-repeat":"repeat","background-position":"center center","background-size":"auto","background-attachment":"scroll","background-type":"","background-media":"","overlay-type":"","overlay-color":"","overlay-opacity":"","overlay-gradient":""},"tablet":{"background-color":"var(--ast-global-color-5)","background-image":"","background-repeat":"repeat","background-position":"center center","background-size":"auto","background-attachment":"scroll","background-type":"","background-media":"","overlay-type":"","overlay-color":"","overlay-opacity":"","overlay-gradient":""},"mobile":{"background-color":"var(--ast-global-color-5)","background-image":"","background-repeat":"repeat","background-position":"center center","background-size":"auto","background-attachment":"scroll","background-type":"","background-media":"","overlay-type":"","overlay-color":"","overlay-opacity":"","overlay-gradient":""}},"footnotes":""},"class_list":["post-1498","page","type-page","status-publish","hentry"],"yoast_head":"<!-- This site is optimized with the Yoast SEO plugin v27.4 - https:\/\/yoast.com\/product\/yoast-seo-wordpress\/ -->\n<title>- Contactez les experts d&#039;Armoires et Vanit\u00e9s \u00e0 Gatineau<\/title>\n<meta name=\"description\" content=\"- Faites appel \u00e0 Armoire MR pour des armoires de cuisine et des vanit\u00e9s de salle de bain sur mesure. Au service de Gatineau et d&#039;Ottawa avec un savoir-faire de qualit\u00e9.\" \/>\n<meta name=\"robots\" content=\"index, follow, max-snippet:-1, max-image-preview:large, max-video-preview:-1\" \/>\n<link rel=\"canonical\" href=\"https:\/\/armoiremr.ca\/contact\/\" \/>\n<meta property=\"og:locale\" content=\"fr_FR\" \/>\n<meta property=\"og:type\" content=\"article\" \/>\n<meta property=\"og:title\" content=\"- Contactez les experts d&#039;Armoires et Vanit\u00e9s \u00e0 Gatineau\" \/>\n<meta property=\"og:description\" content=\"- Faites appel \u00e0 Armoire MR pour des armoires de cuisine et des vanit\u00e9s de salle de bain sur mesure. Au service de Gatineau et d&#039;Ottawa avec un savoir-faire de qualit\u00e9.\" \/>\n<meta property=\"og:url\" content=\"https:\/\/armoiremr.ca\/contact\/\" \/>\n<meta property=\"og:site_name\" content=\"Kitchen Cabinets and Vanities\" \/>\n<meta property=\"article:publisher\" content=\"https:\/\/www.facebook.com\/profile.php?id=61564897674514\" \/>\n<meta property=\"article:modified_time\" content=\"2025-12-02T17:56:17+00:00\" \/>\n<meta property=\"og:image\" content=\"https:\/\/armoiremr.ca\/wp-content\/plugins\/wpforms-lite\/assets\/images\/submit-spin.svg\" \/>\n<meta name=\"twitter:card\" content=\"summary_large_image\" \/>\n<meta name=\"twitter:label1\" content=\"Dur\u00e9e de lecture estim\u00e9e\" \/>\n\t<meta name=\"twitter:data1\" content=\"1 minute\" \/>\n<script type=\"application\/ld+json\" class=\"yoast-schema-graph\">{\"@context\":\"https:\\\/\\\/schema.org\",\"@graph\":[{\"@type\":\"WebPage\",\"@id\":\"https:\\\/\\\/armoiremr.ca\\\/contact\\\/\",\"url\":\"https:\\\/\\\/armoiremr.ca\\\/contact\\\/\",\"name\":\"- Contactez les experts d'Armoires et Vanit\u00e9s \u00e0 Gatineau\",\"isPartOf\":{\"@id\":\"https:\\\/\\\/armoiremr.ca\\\/#website\"},\"primaryImageOfPage\":{\"@id\":\"https:\\\/\\\/armoiremr.ca\\\/contact\\\/#primaryimage\"},\"image\":{\"@id\":\"https:\\\/\\\/armoiremr.ca\\\/contact\\\/#primaryimage\"},\"thumbnailUrl\":\"https:\\\/\\\/armoiremr.ca\\\/wp-content\\\/plugins\\\/wpforms-lite\\\/assets\\\/images\\\/submit-spin.svg\",\"datePublished\":\"2024-06-08T14:42:33+00:00\",\"dateModified\":\"2025-12-02T17:56:17+00:00\",\"description\":\"- Faites appel \u00e0 Armoire MR pour des armoires de cuisine et des vanit\u00e9s de salle de bain sur mesure. Au service de Gatineau et d'Ottawa avec un savoir-faire de qualit\u00e9.\",\"breadcrumb\":{\"@id\":\"https:\\\/\\\/armoiremr.ca\\\/contact\\\/#breadcrumb\"},\"inLanguage\":\"fr-FR\",\"potentialAction\":[{\"@type\":\"ReadAction\",\"target\":[\"https:\\\/\\\/armoiremr.ca\\\/contact\\\/\"]}]},{\"@type\":\"ImageObject\",\"inLanguage\":\"fr-FR\",\"@id\":\"https:\\\/\\\/armoiremr.ca\\\/contact\\\/#primaryimage\",\"url\":\"https:\\\/\\\/armoiremr.ca\\\/wp-content\\\/plugins\\\/wpforms-lite\\\/assets\\\/images\\\/submit-spin.svg\",\"contentUrl\":\"https:\\\/\\\/armoiremr.ca\\\/wp-content\\\/plugins\\\/wpforms-lite\\\/assets\\\/images\\\/submit-spin.svg\"},{\"@type\":\"BreadcrumbList\",\"@id\":\"https:\\\/\\\/armoiremr.ca\\\/contact\\\/#breadcrumb\",\"itemListElement\":[{\"@type\":\"ListItem\",\"position\":1,\"name\":\"Home\",\"item\":\"https:\\\/\\\/armoiremr.ca\\\/\"},{\"@type\":\"ListItem\",\"position\":2,\"name\":\"CONTACTEZ-NOUS\"}]},{\"@type\":\"WebSite\",\"@id\":\"https:\\\/\\\/armoiremr.ca\\\/#website\",\"url\":\"https:\\\/\\\/armoiremr.ca\\\/\",\"name\":\"Armoire MR\",\"description\":\"Custom Kitchen Cabinets, vanities and furniture\",\"publisher\":{\"@id\":\"https:\\\/\\\/armoiremr.ca\\\/#organization\"},\"potentialAction\":[{\"@type\":\"SearchAction\",\"target\":{\"@type\":\"EntryPoint\",\"urlTemplate\":\"https:\\\/\\\/armoiremr.ca\\\/?s={search_term_string}\"},\"query-input\":{\"@type\":\"PropertyValueSpecification\",\"valueRequired\":true,\"valueName\":\"search_term_string\"}}],\"inLanguage\":\"fr-FR\"},{\"@type\":\"Organization\",\"@id\":\"https:\\\/\\\/armoiremr.ca\\\/#organization\",\"name\":\"Armoire MR Custom Cabinets & Vanities in Gatineau\",\"alternateName\":\"Armoire MR\",\"url\":\"https:\\\/\\\/armoiremr.ca\\\/\",\"logo\":{\"@type\":\"ImageObject\",\"inLanguage\":\"fr-FR\",\"@id\":\"https:\\\/\\\/armoiremr.ca\\\/#\\\/schema\\\/logo\\\/image\\\/\",\"url\":\"https:\\\/\\\/armoiremr.ca\\\/wp-content\\\/uploads\\\/2024\\\/06\\\/armoire-mr-logo-white-capture-copy.png\",\"contentUrl\":\"https:\\\/\\\/armoiremr.ca\\\/wp-content\\\/uploads\\\/2024\\\/06\\\/armoire-mr-logo-white-capture-copy.png\",\"width\":578,\"height\":97,\"caption\":\"Armoire MR Custom Cabinets & Vanities in Gatineau\"},\"image\":{\"@id\":\"https:\\\/\\\/armoiremr.ca\\\/#\\\/schema\\\/logo\\\/image\\\/\"},\"sameAs\":[\"https:\\\/\\\/www.facebook.com\\\/profile.php?id=61564897674514\"]}]}<\/script>\n<!-- \/ Yoast SEO plugin. -->","yoast_head_json":{"title":"- Contactez les experts d'Armoires et Vanit\u00e9s \u00e0 Gatineau","description":"- Faites appel \u00e0 Armoire MR pour des armoires de cuisine et des vanit\u00e9s de salle de bain sur mesure. Au service de Gatineau et d'Ottawa avec un savoir-faire de qualit\u00e9.","robots":{"index":"index","follow":"follow","max-snippet":"max-snippet:-1","max-image-preview":"max-image-preview:large","max-video-preview":"max-video-preview:-1"},"canonical":"https:\/\/armoiremr.ca\/contact\/","og_locale":"fr_FR","og_type":"article","og_title":"- Contactez les experts d'Armoires et Vanit\u00e9s \u00e0 Gatineau","og_description":"- Faites appel \u00e0 Armoire MR pour des armoires de cuisine et des vanit\u00e9s de salle de bain sur mesure. Au service de Gatineau et d'Ottawa avec un savoir-faire de qualit\u00e9.","og_url":"https:\/\/armoiremr.ca\/contact\/","og_site_name":"Kitchen Cabinets and Vanities","article_publisher":"https:\/\/www.facebook.com\/profile.php?id=61564897674514","article_modified_time":"2025-12-02T17:56:17+00:00","og_image":[{"url":"https:\/\/armoiremr.ca\/wp-content\/plugins\/wpforms-lite\/assets\/images\/submit-spin.svg","type":"","width":"","height":""}],"twitter_card":"summary_large_image","twitter_misc":{"Dur\u00e9e de lecture estim\u00e9e":"1 minute"},"schema":{"@context":"https:\/\/schema.org","@graph":[{"@type":"WebPage","@id":"https:\/\/armoiremr.ca\/contact\/","url":"https:\/\/armoiremr.ca\/contact\/","name":"- Contactez les experts d'Armoires et Vanit\u00e9s \u00e0 Gatineau","isPartOf":{"@id":"https:\/\/armoiremr.ca\/#website"},"primaryImageOfPage":{"@id":"https:\/\/armoiremr.ca\/contact\/#primaryimage"},"image":{"@id":"https:\/\/armoiremr.ca\/contact\/#primaryimage"},"thumbnailUrl":"https:\/\/armoiremr.ca\/wp-content\/plugins\/wpforms-lite\/assets\/images\/submit-spin.svg","datePublished":"2024-06-08T14:42:33+00:00","dateModified":"2025-12-02T17:56:17+00:00","description":"- Faites appel \u00e0 Armoire MR pour des armoires de cuisine et des vanit\u00e9s de salle de bain sur mesure. Au service de Gatineau et d'Ottawa avec un savoir-faire de qualit\u00e9.","breadcrumb":{"@id":"https:\/\/armoiremr.ca\/contact\/#breadcrumb"},"inLanguage":"fr-FR","potentialAction":[{"@type":"ReadAction","target":["https:\/\/armoiremr.ca\/contact\/"]}]},{"@type":"ImageObject","inLanguage":"fr-FR","@id":"https:\/\/armoiremr.ca\/contact\/#primaryimage","url":"https:\/\/armoiremr.ca\/wp-content\/plugins\/wpforms-lite\/assets\/images\/submit-spin.svg","contentUrl":"https:\/\/armoiremr.ca\/wp-content\/plugins\/wpforms-lite\/assets\/images\/submit-spin.svg"},{"@type":"BreadcrumbList","@id":"https:\/\/armoiremr.ca\/contact\/#breadcrumb","itemListElement":[{"@type":"ListItem","position":1,"name":"Home","item":"https:\/\/armoiremr.ca\/"},{"@type":"ListItem","position":2,"name":"CONTACTEZ-NOUS"}]},{"@type":"WebSite","@id":"https:\/\/armoiremr.ca\/#website","url":"https:\/\/armoiremr.ca\/","name":"Armoire MR","description":"Custom Kitchen Cabinets, vanities and furniture","publisher":{"@id":"https:\/\/armoiremr.ca\/#organization"},"potentialAction":[{"@type":"SearchAction","target":{"@type":"EntryPoint","urlTemplate":"https:\/\/armoiremr.ca\/?s={search_term_string}"},"query-input":{"@type":"PropertyValueSpecification","valueRequired":true,"valueName":"search_term_string"}}],"inLanguage":"fr-FR"},{"@type":"Organization","@id":"https:\/\/armoiremr.ca\/#organization","name":"Armoire MR Custom Cabinets & Vanities in Gatineau","alternateName":"Armoire MR","url":"https:\/\/armoiremr.ca\/","logo":{"@type":"ImageObject","inLanguage":"fr-FR","@id":"https:\/\/armoiremr.ca\/#\/schema\/logo\/image\/","url":"https:\/\/armoiremr.ca\/wp-content\/uploads\/2024\/06\/armoire-mr-logo-white-capture-copy.png","contentUrl":"https:\/\/armoiremr.ca\/wp-content\/uploads\/2024\/06\/armoire-mr-logo-white-capture-copy.png","width":578,"height":97,"caption":"Armoire MR Custom Cabinets & Vanities in Gatineau"},"image":{"@id":"https:\/\/armoiremr.ca\/#\/schema\/logo\/image\/"},"sameAs":["https:\/\/www.facebook.com\/profile.php?id=61564897674514"]}]}},"uagb_featured_image_src":{"full":false,"thumbnail":false,"medium":false,"medium_large":false,"large":false,"1536x1536":false,"2048x2048":false},"uagb_author_info":{"display_name":"Danielle Dumas","author_link":"https:\/\/armoiremr.ca\/fr\/author\/dan_mr\/"},"uagb_comment_info":0,"uagb_excerpt":"CONTACTEZ-NOUS Travaillez Avec Nous D\u00e8s Aujourd&rsquo;hui Pour tous vos projets d&rsquo;armoires, d&rsquo;\u00e9tag\u00e8res ou de mobilier, veuillez d\u00e9crire bri\u00e8vement votre projet [&hellip;]","_links":{"self":[{"href":"https:\/\/armoiremr.ca\/fr\/wp-json\/wp\/v2\/pages\/1498","targetHints":{"allow":["GET"]}}],"collection":[{"href":"https:\/\/armoiremr.ca\/fr\/wp-json\/wp\/v2\/pages"}],"about":[{"href":"https:\/\/armoiremr.ca\/fr\/wp-json\/wp\/v2\/types\/page"}],"author":[{"embeddable":true,"href":"https:\/\/armoiremr.ca\/fr\/wp-json\/wp\/v2\/users\/3"}],"replies":[{"embeddable":true,"href":"https:\/\/armoiremr.ca\/fr\/wp-json\/wp\/v2\/comments?post=1498"}],"version-history":[{"count":24,"href":"https:\/\/armoiremr.ca\/fr\/wp-json\/wp\/v2\/pages\/1498\/revisions"}],"predecessor-version":[{"id":3017,"href":"https:\/\/armoiremr.ca\/fr\/wp-json\/wp\/v2\/pages\/1498\/revisions\/3017"}],"wp:attachment":[{"href":"https:\/\/armoiremr.ca\/fr\/wp-json\/wp\/v2\/media?parent=1498"}],"curies":[{"name":"wp","href":"https:\/\/api.w.org\/{rel}","templated":true}]}}